{"id":666,"date":"2023-12-04T14:43:21","date_gmt":"2023-12-04T19:43:21","guid":{"rendered":"https:\/\/fbexpertcabinet.com\/nos-realisations\/"},"modified":"2024-02-16T11:22:30","modified_gmt":"2024-02-16T16:22:30","slug":"designs","status":"publish","type":"page","link":"https:\/\/fbexpertcabinet.com\/en\/designs\/","title":{"rendered":"DESIGNS"},"content":{"rendered":"<section data-part=\"wrap\" class=\"block-page-header\" ><div data-part=\"inner\">\n\n<div class=\"wp-block-group content-flow relative is-layout-flow wp-block-group-is-layout-flow\">\n<h1 class=\"wp-block-heading\">ELEGANCE WITHIN REACH<\/h1>\n\n\n\n<hr class=\"wp-block-separator has-alpha-channel-opacity relative\"\/>\n\n\n\n<h5 class=\"wp-block-heading has-gray-400-color has-text-color has-link-color wp-elements-707f7a629ed8f1911ae2ef820b80620a\">F.B.EXPERT EXCELS AT CREATING CUSTOM BUILT-INS FOR KITCHENS, BATHROOMS AND LIVING ROOMS. EACH CREATION COMBINES FUNCTIONALITY AND AESTHETIC, AND ALL IS CRAFTED WITH UNRIVALED EXPERTISE.<\/h5>\n<\/div>\n\n\n\n<figure class=\"wp-block-image size-full\"><img loading=\"lazy\" decoding=\"async\" width=\"2400\" height=\"1600\" src=\"http:\/\/fbexpertcabinet.com\/wp-content\/uploads\/2024\/01\/fbx-showroom-entete.jpg\" alt=\"\" class=\"wp-image-481\" srcset=\"https:\/\/fbexpertcabinet.com\/wp-content\/uploads\/2024\/01\/fbx-showroom-entete.jpg 2400w, https:\/\/fbexpertcabinet.com\/wp-content\/uploads\/2024\/01\/fbx-showroom-entete-300x200.jpg 300w, https:\/\/fbexpertcabinet.com\/wp-content\/uploads\/2024\/01\/fbx-showroom-entete-1024x683.jpg 1024w, https:\/\/fbexpertcabinet.com\/wp-content\/uploads\/2024\/01\/fbx-showroom-entete-768x512.jpg 768w, https:\/\/fbexpertcabinet.com\/wp-content\/uploads\/2024\/01\/fbx-showroom-entete-1536x1024.jpg 1536w, https:\/\/fbexpertcabinet.com\/wp-content\/uploads\/2024\/01\/fbx-showroom-entete-2048x1365.jpg 2048w\" sizes=\"auto, (max-width: 2400px) 100vw, 2400px\" \/><\/figure>\n\n<\/div><\/section>\n\n\n<h1 class=\"wp-block-heading has-black-color has-text-color has-link-color wp-elements-1e1f943cf19dafe6a465750e4a8b2cae\" style=\"margin-top:var(--wp--preset--spacing--70)\">TURN YOUR SPACE INTO A PERSONALIZED MASTERPIECE<\/h1>\n\n\n\n<h4 class=\"wp-block-heading\">WITH F.B. EXPERT, LUXURY AND COMFORT ARE COMBINED TO CREATE THE LIVING SPACE OF YOUR DREAMS. EXPLORE OUR CREATIONS TO DISCOVER A PERFECT HARMONY BETWEEN TIMELESS DESIGN AND EXCEPTIONAL QUALITY, WHICH IS EMBODIED IN EVERY PIECE CREATED IN OUR WORKSHOP. <\/h4>\n\n\n<section data-part=\"wrap\" class=\"block-project-list\" ><div data-part=\"inner\"><form id=\"project-filter-form\" hx-get=\"https:\/\/fbexpertcabinet.com\/wp-json\/cke\/v1\/getprojects\/?wpml_lang=en\" hx-target=\"#project-items\"><div class=\"project-filters\"><div class=\"project-filter\"><input type=\"checkbox\" name=\"bathroom\" id=\"bathroom\" hidden><label for=\"bathroom\" class=\"relative semi-bold uppercase black focus-gray-400\">Bathroom<\/label><\/div><div class=\"project-filter\"><input type=\"checkbox\" name=\"custom-made\" id=\"custom-made\" hidden><label for=\"custom-made\" class=\"relative semi-bold uppercase black focus-gray-400\">Custom made<\/label><\/div><div class=\"project-filter\"><input type=\"checkbox\" name=\"kitchen\" id=\"kitchen\" hidden><label for=\"kitchen\" class=\"relative semi-bold uppercase black focus-gray-400\">Kitchen<\/label><\/div><\/div><input type=\"submit\" hidden><\/form><div id=\"project-items\"><a class=\"project-item relative\"><img decoding=\"async\" class=\"project-thumbnail\" src=\"https:\/\/fbexpertcabinet.com\/wp-content\/uploads\/2024\/01\/sur-mesure-4.jpeg\"><div class=\"project-title absolute\"><h3 class=\"black\">CUSTOM-BUILT<\/h3><\/div><\/a><a class=\"project-item relative\"><img decoding=\"async\" class=\"project-thumbnail\" src=\"https:\/\/fbexpertcabinet.com\/wp-content\/uploads\/2024\/01\/salle-bain-5.jpeg\"><div class=\"project-title absolute\"><h3 class=\"black\">Bathroom<\/h3><\/div><\/a><a class=\"project-item relative\"><img decoding=\"async\" class=\"project-thumbnail\" src=\"https:\/\/fbexpertcabinet.com\/wp-content\/uploads\/2024\/01\/salle-bain-6.jpeg\"><div class=\"project-title absolute\"><h3 class=\"black\">Bathroom<\/h3><\/div><\/a><a class=\"project-item relative\"><img decoding=\"async\" class=\"project-thumbnail\" src=\"https:\/\/fbexpertcabinet.com\/wp-content\/uploads\/2024\/01\/sur-mesure-1.jpeg\"><div class=\"project-title absolute\"><h3 class=\"black\">Custom-built<\/h3><\/div><\/a><a class=\"project-item relative\"><img decoding=\"async\" class=\"project-thumbnail\" src=\"https:\/\/fbexpertcabinet.com\/wp-content\/uploads\/2024\/01\/sur-mesure-6.jpeg\"><div class=\"project-title absolute\"><h3 class=\"black\">CUSTOM-BUILT<\/h3><\/div><\/a><a class=\"project-item relative\"><img decoding=\"async\" class=\"project-thumbnail\" src=\"https:\/\/fbexpertcabinet.com\/wp-content\/uploads\/2024\/01\/sur-mesure-5.jpeg\"><div class=\"project-title absolute\"><h3 class=\"black\">CUSTOM-BUILT<\/h3><\/div><\/a><a class=\"project-item relative\"><img decoding=\"async\" class=\"project-thumbnail\" src=\"https:\/\/fbexpertcabinet.com\/wp-content\/uploads\/2024\/01\/sur-mesure-3.jpeg\"><div class=\"project-title absolute\"><h3 class=\"black\">CUSTOM-BUILT<\/h3><\/div><\/a><a class=\"project-item relative\"><img decoding=\"async\" class=\"project-thumbnail\" src=\"https:\/\/fbexpertcabinet.com\/wp-content\/uploads\/2024\/01\/sur-mesure-2.jpeg\"><div class=\"project-title absolute\"><h3 class=\"black\">CUSTOM-BUILT<\/h3><\/div><\/a><a href=\"https:\/\/fbexpertcabinet.com\/en\/realisations\/sur-mesure-7\/\" class=\"project-item relative\"><img decoding=\"async\" class=\"project-thumbnail\" src=\"https:\/\/fbexpertcabinet.com\/wp-content\/uploads\/2024\/02\/pxl-20231108-2300375002-scaled.jpg\"><div class=\"project-title absolute\"><h3 class=\"black\">Sur mesure<\/h3><\/div><\/a><a href=\"https:\/\/fbexpertcabinet.com\/en\/realisations\/sur-mesure-8\/\" class=\"project-item relative\"><img decoding=\"async\" class=\"project-thumbnail\" src=\"https:\/\/fbexpertcabinet.com\/wp-content\/uploads\/2024\/02\/dsc5458-2-scaled.jpg\"><div class=\"project-title absolute\"><h3 class=\"black\">Sur mesure<\/h3><\/div><\/a><a href=\"https:\/\/fbexpertcabinet.com\/en\/realisations\/sur-mesure-9\/\" class=\"project-item relative\"><img decoding=\"async\" class=\"project-thumbnail\" src=\"https:\/\/fbexpertcabinet.com\/wp-content\/uploads\/2024\/02\/45.png\"><div class=\"project-title absolute\"><h3 class=\"black\">Sur mesure<\/h3><\/div><\/a><a href=\"https:\/\/fbexpertcabinet.com\/en\/realisations\/sur-mesures\/\" class=\"project-item relative\"><img decoding=\"async\" class=\"project-thumbnail\" src=\"https:\/\/fbexpertcabinet.com\/wp-content\/uploads\/2024\/02\/46.png\"><div class=\"project-title absolute\"><h3 class=\"black\">Sur mesures<\/h3><\/div><\/a><a href=\"https:\/\/fbexpertcabinet.com\/en\/realisations\/sur-mesure-10\/\" class=\"project-item relative\"><img decoding=\"async\" class=\"project-thumbnail\" src=\"https:\/\/fbexpertcabinet.com\/wp-content\/uploads\/2024\/02\/31-1-scaled.jpg\"><div class=\"project-title absolute\"><h3 class=\"black\">Sur mesure<\/h3><\/div><\/a><a class=\"project-item relative\"><img decoding=\"async\" class=\"project-thumbnail\" src=\"https:\/\/fbexpertcabinet.com\/wp-content\/uploads\/2023\/12\/cuisine-3.jpeg\"><div class=\"project-title absolute\"><h3 class=\"black\">Kitchen<\/h3><\/div><\/a><a class=\"project-item relative\"><img decoding=\"async\" class=\"project-thumbnail\" src=\"https:\/\/fbexpertcabinet.com\/wp-content\/uploads\/2023\/12\/cuisine-2.jpeg\"><div class=\"project-title absolute\"><h3 class=\"black\">Kitchen<\/h3><\/div><\/a><a class=\"project-item relative\"><img decoding=\"async\" class=\"project-thumbnail\" src=\"https:\/\/fbexpertcabinet.com\/wp-content\/uploads\/2023\/12\/cuisine-1.jpeg\"><div class=\"project-title absolute\"><h3 class=\"black\">Kitchen<\/h3><\/div><\/a><a class=\"project-item relative\"><img decoding=\"async\" class=\"project-thumbnail\" src=\"https:\/\/fbexpertcabinet.com\/wp-content\/uploads\/2024\/01\/cuisine-4.jpeg\"><div class=\"project-title absolute\"><h3 class=\"black\">Kitchen<\/h3><\/div><\/a><a class=\"project-item relative\"><img decoding=\"async\" class=\"project-thumbnail\" src=\"https:\/\/fbexpertcabinet.com\/wp-content\/uploads\/2024\/01\/cuisine-5.jpeg\"><div class=\"project-title absolute\"><h3 class=\"black\">Kitchen<\/h3><\/div><\/a><a class=\"project-item relative\"><img decoding=\"async\" class=\"project-thumbnail\" src=\"https:\/\/fbexpertcabinet.com\/wp-content\/uploads\/2024\/01\/cuisine-6.jpeg\"><div class=\"project-title absolute\"><h3 class=\"black\">Kitchen<\/h3><\/div><\/a><a class=\"project-item relative\"><img decoding=\"async\" class=\"project-thumbnail\" src=\"https:\/\/fbexpertcabinet.com\/wp-content\/uploads\/2024\/01\/salle-bain-1.jpeg\"><div class=\"project-title absolute\"><h3 class=\"black\">Bathroom<\/h3><\/div><\/a><a class=\"project-item relative\"><img decoding=\"async\" class=\"project-thumbnail\" src=\"https:\/\/fbexpertcabinet.com\/wp-content\/uploads\/2024\/01\/salle-bain-2.jpeg\"><div class=\"project-title absolute\"><h3 class=\"black\">Bathroom<\/h3><\/div><\/a><a class=\"project-item relative\"><img decoding=\"async\" class=\"project-thumbnail\" src=\"https:\/\/fbexpertcabinet.com\/wp-content\/uploads\/2024\/01\/salle-bain-3.jpeg\"><div class=\"project-title absolute\"><h3 class=\"black\">Bathroom<\/h3><\/div><\/a><a class=\"project-item relative\"><img decoding=\"async\" class=\"project-thumbnail\" src=\"https:\/\/fbexpertcabinet.com\/wp-content\/uploads\/2024\/01\/salle-bain-4.jpeg\"><div class=\"project-title absolute\"><h3 class=\"black\">Bathroom<\/h3><\/div><\/a><\/div><\/div><\/section>\n\n<section data-part=\"wrap\" class=\"block-cta is-style-default\" ><div data-part=\"inner\">\n\n<div class=\"wp-block-cover\"><span aria-hidden=\"true\" class=\"wp-block-cover__background has-background-dim-30 has-background-dim\"><\/span><img loading=\"lazy\" decoding=\"async\" width=\"2400\" height=\"1600\" class=\"wp-block-cover__image-background wp-image-479\" alt=\"\" src=\"http:\/\/fbexpertcabinet.com\/wp-content\/uploads\/2024\/01\/fbx-cta-contact.jpg\" data-object-fit=\"cover\" srcset=\"https:\/\/fbexpertcabinet.com\/wp-content\/uploads\/2024\/01\/fbx-cta-contact.jpg 2400w, https:\/\/fbexpertcabinet.com\/wp-content\/uploads\/2024\/01\/fbx-cta-contact-300x200.jpg 300w, https:\/\/fbexpertcabinet.com\/wp-content\/uploads\/2024\/01\/fbx-cta-contact-1024x683.jpg 1024w, https:\/\/fbexpertcabinet.com\/wp-content\/uploads\/2024\/01\/fbx-cta-contact-768x512.jpg 768w, https:\/\/fbexpertcabinet.com\/wp-content\/uploads\/2024\/01\/fbx-cta-contact-1536x1024.jpg 1536w, https:\/\/fbexpertcabinet.com\/wp-content\/uploads\/2024\/01\/fbx-cta-contact-2048x1365.jpg 2048w\" sizes=\"auto, (max-width: 2400px) 100vw, 2400px\" \/><div class=\"wp-block-cover__inner-container is-layout-flow wp-block-cover-is-layout-flow\">\n<h1 class=\"wp-block-heading has-text-align-left has-gray-100-color has-text-color has-link-color wp-elements-91aef20517f68f77f8ad1d3e2a0d90db\"><strong><strong><strong>ONE STEP CLOSER TO THE KITCHEN YOU&#8217;VE ALWAYS DREAMED OF<\/strong><\/strong><\/strong><\/h1>\n\n\n\n<h3 class=\"wp-block-heading has-text-align-left\"><strong>OUR CRAFTSMEN WILL BRING YOUR PROJECTS TO LIFE. WORK WITH THEM TO MAKE TO ENHANCE YOUR LIVING SPACES.<\/strong><\/h3>\n\n\n\n<div class=\"wp-block-buttons is-layout-flex wp-block-buttons-is-layout-flex\">\n<div class=\"wp-block-button h4 absolute\"><a class=\"wp-block-button__link has-white-color has-text-color has-link-color wp-element-button\" href=\"https:\/\/fbexpertcabinet.com\/en\/our-showroom\/\">VISIT OUR SHOWROOM<\/a><\/div>\n<\/div>\n<\/div><\/div>\n\n<\/div><\/section>","protected":false},"excerpt":{"rendered":"<p>TURN YOUR SPACE INTO A PERSONALIZED MASTERPIECE WITH F.B. EXPERT, LUXURY AND COMFORT ARE COMBINED TO CREATE THE LIVING SPACE OF YOUR DREAMS. EXPLORE OUR CREATIONS TO DISCOVER A PERFECT HARMONY BETWEEN TIMELESS DESIGN AND EXCEPTIONAL QUALITY, WHICH IS EMBODIED IN EVERY PIECE CREATED IN OUR WORKSHOP.<\/p>\n","protected":false},"author":1,"featured_media":0,"parent":0,"menu_order":0,"comment_status":"closed","ping_status":"closed","template":"","meta":{"_acf_changed":false,"inline_featured_image":false,"footnotes":""},"class_list":["post-666","page","type-page","status-publish","hentry"],"acf":[],"yoast_head":"<!-- This site is optimized with the Yoast SEO plugin v27.4 - https:\/\/yoast.com\/product\/yoast-seo-wordpress\/ -->\n<title>F.B.Expert | Nos r\u00e9alisations<\/title>\n<meta name=\"description\" content=\"Explorez les diff\u00e9rents meubles de cuisines, salles de bain et salon con\u00e7us par nos artisans.\" \/>\n<meta name=\"robots\" content=\"index, follow, max-snippet:-1, max-image-preview:large, max-video-preview:-1\" \/>\n<link rel=\"canonical\" href=\"https:\/\/fbexpertcabinet.com\/en\/designs\/\" \/>\n<meta property=\"og:locale\" content=\"en_US\" \/>\n<meta property=\"og:type\" content=\"article\" \/>\n<meta property=\"og:title\" content=\"F.B.Expert | Nos r\u00e9alisations\" \/>\n<meta property=\"og:description\" content=\"Explorez les diff\u00e9rents meubles de cuisines, salles de bain et salon con\u00e7us par nos artisans.\" \/>\n<meta property=\"og:url\" content=\"https:\/\/fbexpertcabinet.com\/en\/designs\/\" \/>\n<meta property=\"og:site_name\" content=\"FB Expert\" \/>\n<meta property=\"article:publisher\" content=\"https:\/\/www.facebook.com\/FBExpertInc\/\" \/>\n<meta property=\"article:modified_time\" content=\"2024-02-16T16:22:30+00:00\" \/>\n<meta property=\"og:image\" content=\"http:\/\/fbexpertcabinet.com\/wp-content\/uploads\/2024\/01\/fbx-showroom-entete.jpg\" \/>\n<meta name=\"twitter:card\" content=\"summary_large_image\" \/>\n<meta name=\"twitter:label1\" content=\"Est. reading time\" \/>\n\t<meta name=\"twitter:data1\" content=\"1 minute\" \/>\n<script type=\"application\/ld+json\" class=\"yoast-schema-graph\">{\"@context\":\"https:\\\/\\\/schema.org\",\"@graph\":[{\"@type\":\"WebPage\",\"@id\":\"https:\\\/\\\/fbexpertcabinet.com\\\/en\\\/designs\\\/\",\"url\":\"https:\\\/\\\/fbexpertcabinet.com\\\/en\\\/designs\\\/\",\"name\":\"F.B.Expert | Nos r\u00e9alisations\",\"isPartOf\":{\"@id\":\"https:\\\/\\\/fbexpertcabinet.com\\\/en\\\/#website\"},\"primaryImageOfPage\":{\"@id\":\"https:\\\/\\\/fbexpertcabinet.com\\\/en\\\/designs\\\/#primaryimage\"},\"image\":{\"@id\":\"https:\\\/\\\/fbexpertcabinet.com\\\/en\\\/designs\\\/#primaryimage\"},\"thumbnailUrl\":\"http:\\\/\\\/fbexpertcabinet.com\\\/wp-content\\\/uploads\\\/2024\\\/01\\\/fbx-showroom-entete.jpg\",\"datePublished\":\"2023-12-04T19:43:21+00:00\",\"dateModified\":\"2024-02-16T16:22:30+00:00\",\"description\":\"Explorez les diff\u00e9rents meubles de cuisines, salles de bain et salon con\u00e7us par nos artisans.\",\"breadcrumb\":{\"@id\":\"https:\\\/\\\/fbexpertcabinet.com\\\/en\\\/designs\\\/#breadcrumb\"},\"inLanguage\":\"en-US\",\"potentialAction\":[{\"@type\":\"ReadAction\",\"target\":[\"https:\\\/\\\/fbexpertcabinet.com\\\/en\\\/designs\\\/\"]}]},{\"@type\":\"ImageObject\",\"inLanguage\":\"en-US\",\"@id\":\"https:\\\/\\\/fbexpertcabinet.com\\\/en\\\/designs\\\/#primaryimage\",\"url\":\"http:\\\/\\\/fbexpertcabinet.com\\\/wp-content\\\/uploads\\\/2024\\\/01\\\/fbx-showroom-entete.jpg\",\"contentUrl\":\"http:\\\/\\\/fbexpertcabinet.com\\\/wp-content\\\/uploads\\\/2024\\\/01\\\/fbx-showroom-entete.jpg\"},{\"@type\":\"BreadcrumbList\",\"@id\":\"https:\\\/\\\/fbexpertcabinet.com\\\/en\\\/designs\\\/#breadcrumb\",\"itemListElement\":[{\"@type\":\"ListItem\",\"position\":1,\"name\":\"Accueil\",\"item\":\"https:\\\/\\\/fbexpertcabinet.com\\\/en\\\/\"},{\"@type\":\"ListItem\",\"position\":2,\"name\":\"DESIGNS\"}]},{\"@type\":\"WebSite\",\"@id\":\"https:\\\/\\\/fbexpertcabinet.com\\\/en\\\/#website\",\"url\":\"https:\\\/\\\/fbexpertcabinet.com\\\/en\\\/\",\"name\":\"FB Expert\",\"description\":\"Conception et fabrication de meubles haut de gamme\",\"publisher\":{\"@id\":\"https:\\\/\\\/fbexpertcabinet.com\\\/en\\\/#organization\"},\"potentialAction\":[{\"@type\":\"SearchAction\",\"target\":{\"@type\":\"EntryPoint\",\"urlTemplate\":\"https:\\\/\\\/fbexpertcabinet.com\\\/en\\\/?s={search_term_string}\"},\"query-input\":{\"@type\":\"PropertyValueSpecification\",\"valueRequired\":true,\"valueName\":\"search_term_string\"}}],\"inLanguage\":\"en-US\"},{\"@type\":\"Organization\",\"@id\":\"https:\\\/\\\/fbexpertcabinet.com\\\/en\\\/#organization\",\"name\":\"FB Expert\",\"url\":\"https:\\\/\\\/fbexpertcabinet.com\\\/en\\\/\",\"logo\":{\"@type\":\"ImageObject\",\"inLanguage\":\"en-US\",\"@id\":\"https:\\\/\\\/fbexpertcabinet.com\\\/en\\\/#\\\/schema\\\/logo\\\/image\\\/\",\"url\":\"https:\\\/\\\/fbexpertcabinet.com\\\/wp-content\\\/uploads\\\/2023\\\/12\\\/FB_logo_atelier_couleur.svg\",\"contentUrl\":\"https:\\\/\\\/fbexpertcabinet.com\\\/wp-content\\\/uploads\\\/2023\\\/12\\\/FB_logo_atelier_couleur.svg\",\"width\":\"1024\",\"height\":\"1024\",\"caption\":\"FB Expert\"},\"image\":{\"@id\":\"https:\\\/\\\/fbexpertcabinet.com\\\/en\\\/#\\\/schema\\\/logo\\\/image\\\/\"},\"sameAs\":[\"https:\\\/\\\/www.facebook.com\\\/FBExpertInc\\\/\"]}]}<\/script>\n<!-- \/ Yoast SEO plugin. -->","yoast_head_json":{"title":"F.B.Expert | Nos r\u00e9alisations","description":"Explorez les diff\u00e9rents meubles de cuisines, salles de bain et salon con\u00e7us par nos artisans.","robots":{"index":"index","follow":"follow","max-snippet":"max-snippet:-1","max-image-preview":"max-image-preview:large","max-video-preview":"max-video-preview:-1"},"canonical":"https:\/\/fbexpertcabinet.com\/en\/designs\/","og_locale":"en_US","og_type":"article","og_title":"F.B.Expert | Nos r\u00e9alisations","og_description":"Explorez les diff\u00e9rents meubles de cuisines, salles de bain et salon con\u00e7us par nos artisans.","og_url":"https:\/\/fbexpertcabinet.com\/en\/designs\/","og_site_name":"FB Expert","article_publisher":"https:\/\/www.facebook.com\/FBExpertInc\/","article_modified_time":"2024-02-16T16:22:30+00:00","og_image":[{"url":"http:\/\/fbexpertcabinet.com\/wp-content\/uploads\/2024\/01\/fbx-showroom-entete.jpg","type":"","width":"","height":""}],"twitter_card":"summary_large_image","twitter_misc":{"Est. reading time":"1 minute"},"schema":{"@context":"https:\/\/schema.org","@graph":[{"@type":"WebPage","@id":"https:\/\/fbexpertcabinet.com\/en\/designs\/","url":"https:\/\/fbexpertcabinet.com\/en\/designs\/","name":"F.B.Expert | Nos r\u00e9alisations","isPartOf":{"@id":"https:\/\/fbexpertcabinet.com\/en\/#website"},"primaryImageOfPage":{"@id":"https:\/\/fbexpertcabinet.com\/en\/designs\/#primaryimage"},"image":{"@id":"https:\/\/fbexpertcabinet.com\/en\/designs\/#primaryimage"},"thumbnailUrl":"http:\/\/fbexpertcabinet.com\/wp-content\/uploads\/2024\/01\/fbx-showroom-entete.jpg","datePublished":"2023-12-04T19:43:21+00:00","dateModified":"2024-02-16T16:22:30+00:00","description":"Explorez les diff\u00e9rents meubles de cuisines, salles de bain et salon con\u00e7us par nos artisans.","breadcrumb":{"@id":"https:\/\/fbexpertcabinet.com\/en\/designs\/#breadcrumb"},"inLanguage":"en-US","potentialAction":[{"@type":"ReadAction","target":["https:\/\/fbexpertcabinet.com\/en\/designs\/"]}]},{"@type":"ImageObject","inLanguage":"en-US","@id":"https:\/\/fbexpertcabinet.com\/en\/designs\/#primaryimage","url":"http:\/\/fbexpertcabinet.com\/wp-content\/uploads\/2024\/01\/fbx-showroom-entete.jpg","contentUrl":"http:\/\/fbexpertcabinet.com\/wp-content\/uploads\/2024\/01\/fbx-showroom-entete.jpg"},{"@type":"BreadcrumbList","@id":"https:\/\/fbexpertcabinet.com\/en\/designs\/#breadcrumb","itemListElement":[{"@type":"ListItem","position":1,"name":"Accueil","item":"https:\/\/fbexpertcabinet.com\/en\/"},{"@type":"ListItem","position":2,"name":"DESIGNS"}]},{"@type":"WebSite","@id":"https:\/\/fbexpertcabinet.com\/en\/#website","url":"https:\/\/fbexpertcabinet.com\/en\/","name":"FB Expert","description":"Conception et fabrication de meubles haut de gamme","publisher":{"@id":"https:\/\/fbexpertcabinet.com\/en\/#organization"},"potentialAction":[{"@type":"SearchAction","target":{"@type":"EntryPoint","urlTemplate":"https:\/\/fbexpertcabinet.com\/en\/?s={search_term_string}"},"query-input":{"@type":"PropertyValueSpecification","valueRequired":true,"valueName":"search_term_string"}}],"inLanguage":"en-US"},{"@type":"Organization","@id":"https:\/\/fbexpertcabinet.com\/en\/#organization","name":"FB Expert","url":"https:\/\/fbexpertcabinet.com\/en\/","logo":{"@type":"ImageObject","inLanguage":"en-US","@id":"https:\/\/fbexpertcabinet.com\/en\/#\/schema\/logo\/image\/","url":"https:\/\/fbexpertcabinet.com\/wp-content\/uploads\/2023\/12\/FB_logo_atelier_couleur.svg","contentUrl":"https:\/\/fbexpertcabinet.com\/wp-content\/uploads\/2023\/12\/FB_logo_atelier_couleur.svg","width":"1024","height":"1024","caption":"FB Expert"},"image":{"@id":"https:\/\/fbexpertcabinet.com\/en\/#\/schema\/logo\/image\/"},"sameAs":["https:\/\/www.facebook.com\/FBExpertInc\/"]}]}},"_links":{"self":[{"href":"https:\/\/fbexpertcabinet.com\/en\/wp-json\/wp\/v2\/pages\/666","targetHints":{"allow":["GET"]}}],"collection":[{"href":"https:\/\/fbexpertcabinet.com\/en\/wp-json\/wp\/v2\/pages"}],"about":[{"href":"https:\/\/fbexpertcabinet.com\/en\/wp-json\/wp\/v2\/types\/page"}],"author":[{"embeddable":true,"href":"https:\/\/fbexpertcabinet.com\/en\/wp-json\/wp\/v2\/users\/1"}],"replies":[{"embeddable":true,"href":"https:\/\/fbexpertcabinet.com\/en\/wp-json\/wp\/v2\/comments?post=666"}],"version-history":[{"count":0,"href":"https:\/\/fbexpertcabinet.com\/en\/wp-json\/wp\/v2\/pages\/666\/revisions"}],"wp:attachment":[{"href":"https:\/\/fbexpertcabinet.com\/en\/wp-json\/wp\/v2\/media?parent=666"}],"curies":[{"name":"wp","href":"https:\/\/api.w.org\/{rel}","templated":true}]}}